{"id":2,"date":"2023-06-16T13:12:11","date_gmt":"2023-06-16T11:12:11","guid":{"rendered":"https:\/\/appactivetourism.blueprintstage.com\/?page_id=2"},"modified":"2024-09-04T18:08:17","modified_gmt":"2024-09-04T16:08:17","slug":"naslovnica","status":"publish","type":"page","link":"https:\/\/appactivetourism.blueprintstage.com\/hr\/","title":{"rendered":"Naslovnica"},"content":{"rendered":"","protected":false},"excerpt":{"rendered":"","protected":false},"author":2,"featured_media":0,"parent":0,"menu_order":1,"comment_status":"closed","ping_status":"closed","template":"","meta":{"_acf_changed":false,"footnotes":""},"class_list":["post-2","page","type-page","status-publish","hentry"],"acf":[],"yoast_head":"<!-- This site is optimized with the Yoast SEO plugin v27.4 - https:\/\/yoast.com\/product\/yoast-seo-wordpress\/ -->\n<title>ActiveTourism<\/title>\n<meta name=\"description\" content=\"Do\u017eivite puni potencijal destinacija u blizini uz ActiveTourism. Svaki posjetitelj destinacije br\u017ee dolazi do informacija o sadr\u017eajima.\" \/>\n<meta name=\"robots\" content=\"index, follow, max-snippet:-1, max-image-preview:large, max-video-preview:-1\" \/>\n<link rel=\"canonical\" href=\"https:\/\/appactivetourism.blueprintstage.com\/hr\/\" \/>\n<meta property=\"og:locale\" content=\"hr_HR\" \/>\n<meta property=\"og:type\" content=\"article\" \/>\n<meta property=\"og:title\" content=\"Naslovnica | ActiveTourism\" \/>\n<meta property=\"og:description\" content=\"Iskoristite puni potencijal sadr\u017eaja u blizini uz ActiveTourism. Svaki posjetitelj destinacije br\u017ee dolazi do informacija o sadr\u017eajima.\" \/>\n<meta property=\"og:url\" content=\"https:\/\/appactivetourism.blueprintstage.com\/hr\/\" \/>\n<meta property=\"og:site_name\" content=\"ActiveTourism\" \/>\n<meta property=\"article:modified_time\" content=\"2024-09-04T16:08:17+00:00\" \/>\n<meta property=\"og:image\" content=\"https:\/\/appactivetourism.blueprintstage.com\/wp-content\/uploads\/2023\/07\/share.jpg\" \/>\n\t<meta property=\"og:image:width\" content=\"1200\" \/>\n\t<meta property=\"og:image:height\" content=\"675\" \/>\n\t<meta property=\"og:image:type\" content=\"image\/jpeg\" \/>\n<meta name=\"twitter:card\" content=\"summary_large_image\" \/>\n<meta name=\"twitter:title\" content=\"Naslovnica | ActiveTourism\" \/>\n<meta name=\"twitter:description\" content=\"Iskoristite puni potencijal sadr\u017eaja u blizini uz ActiveTourism. Svaki posjetitelj destinacije br\u017ee dolazi do informacija o sadr\u017eajima.\" \/>\n<script type=\"application\/ld+json\" class=\"yoast-schema-graph\">{\"@context\":\"https:\\\/\\\/schema.org\",\"@graph\":[{\"@type\":\"WebPage\",\"@id\":\"https:\\\/\\\/appactivetourism.blueprintstage.com\\\/hr\\\/\",\"url\":\"https:\\\/\\\/appactivetourism.blueprintstage.com\\\/hr\\\/\",\"name\":\"ActiveTourism\",\"isPartOf\":{\"@id\":\"https:\\\/\\\/appactivetourism.blueprintstage.com\\\/hr\\\/#website\"},\"datePublished\":\"2023-06-16T11:12:11+00:00\",\"dateModified\":\"2024-09-04T16:08:17+00:00\",\"description\":\"Do\u017eivite puni potencijal destinacija u blizini uz ActiveTourism. Svaki posjetitelj destinacije br\u017ee dolazi do informacija o sadr\u017eajima.\",\"breadcrumb\":{\"@id\":\"https:\\\/\\\/appactivetourism.blueprintstage.com\\\/hr\\\/#breadcrumb\"},\"inLanguage\":\"hr\",\"potentialAction\":[{\"@type\":\"ReadAction\",\"target\":[\"https:\\\/\\\/appactivetourism.blueprintstage.com\\\/hr\\\/\"]}]},{\"@type\":\"BreadcrumbList\",\"@id\":\"https:\\\/\\\/appactivetourism.blueprintstage.com\\\/hr\\\/#breadcrumb\",\"itemListElement\":[{\"@type\":\"ListItem\",\"position\":1,\"name\":\"%%sitename%%\",\"item\":\"https:\\\/\\\/appactivetourism.blueprintstage.com\\\/hr\\\/\"},{\"@type\":\"ListItem\",\"position\":2,\"name\":\"Naslovnica\"}]},{\"@type\":\"WebSite\",\"@id\":\"https:\\\/\\\/appactivetourism.blueprintstage.com\\\/hr\\\/#website\",\"url\":\"https:\\\/\\\/appactivetourism.blueprintstage.com\\\/hr\\\/\",\"name\":\"ActiveTourism\",\"description\":\"Nezaboravno iskustvo autohtonih do\u017eivljaja\",\"publisher\":{\"@id\":\"https:\\\/\\\/appactivetourism.blueprintstage.com\\\/hr\\\/#organization\"},\"alternateName\":\"AT Active Tourism\",\"potentialAction\":[{\"@type\":\"SearchAction\",\"target\":{\"@type\":\"EntryPoint\",\"urlTemplate\":\"https:\\\/\\\/appactivetourism.blueprintstage.com\\\/hr\\\/?s={search_term_string}\"},\"query-input\":{\"@type\":\"PropertyValueSpecification\",\"valueRequired\":true,\"valueName\":\"search_term_string\"}}],\"inLanguage\":\"hr\"},{\"@type\":\"Organization\",\"@id\":\"https:\\\/\\\/appactivetourism.blueprintstage.com\\\/hr\\\/#organization\",\"name\":\"ActiveTourism\",\"alternateName\":\"AT Active Tourism\",\"url\":\"https:\\\/\\\/appactivetourism.blueprintstage.com\\\/hr\\\/\",\"logo\":{\"@type\":\"ImageObject\",\"inLanguage\":\"hr\",\"@id\":\"https:\\\/\\\/appactivetourism.blueprintstage.com\\\/hr\\\/#\\\/schema\\\/logo\\\/image\\\/\",\"url\":\"https:\\\/\\\/appactivetourism.blueprintstage.com\\\/wp-content\\\/uploads\\\/2023\\\/07\\\/share.jpg\",\"contentUrl\":\"https:\\\/\\\/appactivetourism.blueprintstage.com\\\/wp-content\\\/uploads\\\/2023\\\/07\\\/share.jpg\",\"width\":1200,\"height\":675,\"caption\":\"ActiveTourism\"},\"image\":{\"@id\":\"https:\\\/\\\/appactivetourism.blueprintstage.com\\\/hr\\\/#\\\/schema\\\/logo\\\/image\\\/\"}}]}<\/script>\n<!-- \/ Yoast SEO plugin. -->","yoast_head_json":{"title":"ActiveTourism","description":"Do\u017eivite puni potencijal destinacija u blizini uz ActiveTourism. Svaki posjetitelj destinacije br\u017ee dolazi do informacija o sadr\u017eajima.","robots":{"index":"index","follow":"follow","max-snippet":"max-snippet:-1","max-image-preview":"max-image-preview:large","max-video-preview":"max-video-preview:-1"},"canonical":"https:\/\/appactivetourism.blueprintstage.com\/hr\/","og_locale":"hr_HR","og_type":"article","og_title":"Naslovnica | ActiveTourism","og_description":"Iskoristite puni potencijal sadr\u017eaja u blizini uz ActiveTourism. Svaki posjetitelj destinacije br\u017ee dolazi do informacija o sadr\u017eajima.","og_url":"https:\/\/appactivetourism.blueprintstage.com\/hr\/","og_site_name":"ActiveTourism","article_modified_time":"2024-09-04T16:08:17+00:00","og_image":[{"width":1200,"height":675,"url":"https:\/\/appactivetourism.blueprintstage.com\/wp-content\/uploads\/2023\/07\/share.jpg","type":"image\/jpeg"}],"twitter_card":"summary_large_image","twitter_title":"Naslovnica | ActiveTourism","twitter_description":"Iskoristite puni potencijal sadr\u017eaja u blizini uz ActiveTourism. Svaki posjetitelj destinacije br\u017ee dolazi do informacija o sadr\u017eajima.","schema":{"@context":"https:\/\/schema.org","@graph":[{"@type":"WebPage","@id":"https:\/\/appactivetourism.blueprintstage.com\/hr\/","url":"https:\/\/appactivetourism.blueprintstage.com\/hr\/","name":"ActiveTourism","isPartOf":{"@id":"https:\/\/appactivetourism.blueprintstage.com\/hr\/#website"},"datePublished":"2023-06-16T11:12:11+00:00","dateModified":"2024-09-04T16:08:17+00:00","description":"Do\u017eivite puni potencijal destinacija u blizini uz ActiveTourism. Svaki posjetitelj destinacije br\u017ee dolazi do informacija o sadr\u017eajima.","breadcrumb":{"@id":"https:\/\/appactivetourism.blueprintstage.com\/hr\/#breadcrumb"},"inLanguage":"hr","potentialAction":[{"@type":"ReadAction","target":["https:\/\/appactivetourism.blueprintstage.com\/hr\/"]}]},{"@type":"BreadcrumbList","@id":"https:\/\/appactivetourism.blueprintstage.com\/hr\/#breadcrumb","itemListElement":[{"@type":"ListItem","position":1,"name":"%%sitename%%","item":"https:\/\/appactivetourism.blueprintstage.com\/hr\/"},{"@type":"ListItem","position":2,"name":"Naslovnica"}]},{"@type":"WebSite","@id":"https:\/\/appactivetourism.blueprintstage.com\/hr\/#website","url":"https:\/\/appactivetourism.blueprintstage.com\/hr\/","name":"ActiveTourism","description":"Nezaboravno iskustvo autohtonih do\u017eivljaja","publisher":{"@id":"https:\/\/appactivetourism.blueprintstage.com\/hr\/#organization"},"alternateName":"AT Active Tourism","potentialAction":[{"@type":"SearchAction","target":{"@type":"EntryPoint","urlTemplate":"https:\/\/appactivetourism.blueprintstage.com\/hr\/?s={search_term_string}"},"query-input":{"@type":"PropertyValueSpecification","valueRequired":true,"valueName":"search_term_string"}}],"inLanguage":"hr"},{"@type":"Organization","@id":"https:\/\/appactivetourism.blueprintstage.com\/hr\/#organization","name":"ActiveTourism","alternateName":"AT Active Tourism","url":"https:\/\/appactivetourism.blueprintstage.com\/hr\/","logo":{"@type":"ImageObject","inLanguage":"hr","@id":"https:\/\/appactivetourism.blueprintstage.com\/hr\/#\/schema\/logo\/image\/","url":"https:\/\/appactivetourism.blueprintstage.com\/wp-content\/uploads\/2023\/07\/share.jpg","contentUrl":"https:\/\/appactivetourism.blueprintstage.com\/wp-content\/uploads\/2023\/07\/share.jpg","width":1200,"height":675,"caption":"ActiveTourism"},"image":{"@id":"https:\/\/appactivetourism.blueprintstage.com\/hr\/#\/schema\/logo\/image\/"}}]}},"_links":{"self":[{"href":"https:\/\/appactivetourism.blueprintstage.com\/hr\/wp-json\/wp\/v2\/pages\/2","targetHints":{"allow":["GET"]}}],"collection":[{"href":"https:\/\/appactivetourism.blueprintstage.com\/hr\/wp-json\/wp\/v2\/pages"}],"about":[{"href":"https:\/\/appactivetourism.blueprintstage.com\/hr\/wp-json\/wp\/v2\/types\/page"}],"author":[{"embeddable":true,"href":"https:\/\/appactivetourism.blueprintstage.com\/hr\/wp-json\/wp\/v2\/users\/2"}],"replies":[{"embeddable":true,"href":"https:\/\/appactivetourism.blueprintstage.com\/hr\/wp-json\/wp\/v2\/comments?post=2"}],"version-history":[{"count":0,"href":"https:\/\/appactivetourism.blueprintstage.com\/hr\/wp-json\/wp\/v2\/pages\/2\/revisions"}],"wp:attachment":[{"href":"https:\/\/appactivetourism.blueprintstage.com\/hr\/wp-json\/wp\/v2\/media?parent=2"}],"curies":[{"name":"wp","href":"https:\/\/api.w.org\/{rel}","templated":true}]}}